{"id":705,"date":"2016-08-28T17:31:27","date_gmt":"2016-08-28T15:31:27","guid":{"rendered":"http:\/\/www.kielgas.org\/wordpress\/?page_id=705"},"modified":"2024-06-17T17:06:47","modified_gmt":"2024-06-17T15:06:47","slug":"coco","status":"publish","type":"page","link":"https:\/\/www.kielgas.org\/wordpress\/coco\/","title":{"rendered":"Coco"},"content":{"rendered":"<p><a name=\"TOP\"><\/a><\/p>\n<p>Guten Tag, mein Name ist Coco vom S&uuml;dsee, Ihr k&ouml;nnt mich aber Coco nennen, ich wohne hier bei meinen Bediensteten Brigitte und Uwe.<br \/>\nIch stelle mich mal mit ein paar <a href=\"#BILDER\" title=\"Bilder\">Fotos<\/a> vor. Am Ende finden sich meine <a href=\"#VIDEOS\" title=\"Videos\">Videos<\/a>.<br \/>\nIhr k&ouml;nnt mich &uuml;brigens auch per Email erreichen: <a href=\"mailto:coco@kielgas.org\" title=\"Coco[at]kielgas.org\">coco[at]kielgas.org<\/a><\/p>\n<p>Ich bereite mich f&uuml;r n&auml;chstes Jahr auf mein gro&szlig;es Rennen vor. Dieses Jahr beobachte ich nur \ud83d\ude09<\/p>\n<p><a href=\"https:\/\/www.kielgas.org\/wordpress\/wp-uploads\/kielgas.org\/2016\/08\/Mopstreffen.pdf\">Mopstreffen<\/a><\/p>\n<p>Ich habe die Seite mal verbessern lassen. Wenn  man jetzt auf ein Bild klickt, kann man mich in Gro&szlig;format bewundern \ud83d\ude09<\/p>\n<p><a name=\"BILDER\"><\/a><\/p>\n<p><a name=\"BILDER\"><\/a><\/p>\n<p><a name=\"BILDER\"><\/p>\n<h2>Bilder<\/h2>\n<p><\/a><a name=\"BILDER\"><\/a><a name=\"BILDER\"><\/a><a name=\"BILDER\"><\/a><\/p>\n\n\t\t<style type=\"text\/css\">\n\t\t\t#gallery-1 {\n\t\t\t\tmargin: auto;\n\t\t\t}\n\t\t\t#gallery-1 .gallery-item {\n\t\t\t\tfloat: left;\n\t\t\t\tmargin-top: 10px;\n\t\t\t\ttext-align: center;\n\t\t\t\twidth: 50%;\n\t\t\t}\n\t\t\t#gallery-1 img {\n\t\t\t\tborder: 2px solid #cfcfcf;\n\t\t\t}\n\t\t\t#gallery-1 .gallery-caption {\n\t\t\t\tmargin-left: 0;\n\t\t\t}\n\t\t\t\/* see gallery_shortcode() in wp-includes\/media.php *\/\n\t\t<\/style>\n\t\t<div id='gallery-1' class='gallery galleryid-705 gallery-columns-2 gallery-size-thumbnail'><dl class='gallery-item'>\n\t\t\t<dt class='gallery-icon landscape'>\n\t\t\t\t<a href='https:\/\/www.kielgas.org\/wordpress\/coco\/img_20160917_085331\/'><img loading=\"lazy\" decoding=\"async\" width=\"150\" height=\"150\" src=\"https:\/\/www.kielgas.org\/wordpress\/wp-uploads\/kielgas.org\/2016\/09\/IMG_20160917_085331-150x150.jpg\" class=\"attachment-thumbnail size-thumbnail\" alt=\"\" aria-describedby=\"gallery-1-749\" \/><\/a>\n\t\t\t<\/dt>\n\t\t\t\t<dd class='wp-caption-text gallery-caption' id='gallery-1-749'>\n\t\t\t\tSpielen mit meinem Freund Strolchi\n\t\t\t\t<\/dd><\/dl><dl class='gallery-item'>\n\t\t\t<dt class='gallery-icon landscape'>\n\t\t\t\t<a href='https:\/\/www.kielgas.org\/wordpress\/coco\/img_20160917_085208\/'><img loading=\"lazy\" decoding=\"async\" width=\"150\" height=\"150\" src=\"https:\/\/www.kielgas.org\/wordpress\/wp-uploads\/kielgas.org\/2016\/09\/IMG_20160917_085208-150x150.jpg\" class=\"attachment-thumbnail size-thumbnail\" alt=\"\" aria-describedby=\"gallery-1-748\" \/><\/a>\n\t\t\t<\/dt>\n\t\t\t\t<dd class='wp-caption-text gallery-caption' id='gallery-1-748'>\n\t\t\t\tSpielen mit meinem Freund Strolchi\n\t\t\t\t<\/dd><\/dl><br style=\"clear: both\" \/><dl class='gallery-item'>\n\t\t\t<dt class='gallery-icon landscape'>\n\t\t\t\t<a href='https:\/\/www.kielgas.org\/wordpress\/coco\/img_20160903_145659\/'><img loading=\"lazy\" decoding=\"async\" width=\"150\" height=\"150\" src=\"https:\/\/www.kielgas.org\/wordpress\/wp-uploads\/kielgas.org\/2016\/09\/IMG_20160903_145659-150x150.jpg\" class=\"attachment-thumbnail size-thumbnail\" alt=\"\" aria-describedby=\"gallery-1-747\" \/><\/a>\n\t\t\t<\/dt>\n\t\t\t\t<dd class='wp-caption-text gallery-caption' id='gallery-1-747'>\n\t\t\t\tBeim Mopstreffen in Berlin &#8211; war das hei\u00df!\n\t\t\t\t<\/dd><\/dl><dl class='gallery-item'>\n\t\t\t<dt class='gallery-icon portrait'>\n\t\t\t\t<a href='https:\/\/www.kielgas.org\/wordpress\/coco\/olympus-digital-camera-5\/'><img loading=\"lazy\" decoding=\"async\" width=\"150\" height=\"150\" src=\"https:\/\/www.kielgas.org\/wordpress\/wp-uploads\/kielgas.org\/2016\/09\/Coco_20160908_003716-150x150.jpg\" class=\"attachment-thumbnail size-thumbnail\" alt=\"\" aria-describedby=\"gallery-1-746\" \/><\/a>\n\t\t\t<\/dt>\n\t\t\t\t<dd class='wp-caption-text gallery-caption' id='gallery-1-746'>\n\t\t\t\tPeinlich! &#8211; So wollte ich nicht fotografiert werden!\n\t\t\t\t<\/dd><\/dl><br style=\"clear: both\" \/><dl class='gallery-item'>\n\t\t\t<dt class='gallery-icon landscape'>\n\t\t\t\t<a href='https:\/\/www.kielgas.org\/wordpress\/coco\/olympus-digital-camera-4\/'><img loading=\"lazy\" decoding=\"async\" width=\"150\" height=\"150\" src=\"https:\/\/www.kielgas.org\/wordpress\/wp-uploads\/kielgas.org\/2016\/09\/Coco_20160906_230434-150x150.jpg\" class=\"attachment-thumbnail size-thumbnail\" alt=\"\" aria-describedby=\"gallery-1-745\" \/><\/a>\n\t\t\t<\/dt>\n\t\t\t\t<dd class='wp-caption-text gallery-caption' id='gallery-1-745'>\n\t\t\t\tSchnnrrrrchhhh\n\t\t\t\t<\/dd><\/dl><dl class='gallery-item'>\n\t\t\t<dt class='gallery-icon landscape'>\n\t\t\t\t<a href='https:\/\/www.kielgas.org\/wordpress\/coco\/olympus-digital-camera-3\/'><img loading=\"lazy\" decoding=\"async\" width=\"150\" height=\"150\" src=\"https:\/\/www.kielgas.org\/wordpress\/wp-uploads\/kielgas.org\/2016\/09\/Coco_20160903_093254-150x150.jpg\" class=\"attachment-thumbnail size-thumbnail\" alt=\"\" aria-describedby=\"gallery-1-744\" \/><\/a>\n\t\t\t<\/dt>\n\t\t\t\t<dd class='wp-caption-text gallery-caption' id='gallery-1-744'>\n\t\t\t\tMein Lieblingstier &#8211; Ein Mariechenk\u00e4fer\n\t\t\t\t<\/dd><\/dl><br style=\"clear: both\" \/><dl class='gallery-item'>\n\t\t\t<dt class='gallery-icon landscape'>\n\t\t\t\t<a href='https:\/\/www.kielgas.org\/wordpress\/olympus-digital-camera\/'><img loading=\"lazy\" decoding=\"async\" width=\"150\" height=\"150\" src=\"https:\/\/www.kielgas.org\/wordpress\/wp-uploads\/kielgas.org\/2016\/09\/Coco_20160903_093116-150x150.jpg\" class=\"attachment-thumbnail size-thumbnail\" alt=\"\" aria-describedby=\"gallery-1-742\" \/><\/a>\n\t\t\t<\/dt>\n\t\t\t\t<dd class='wp-caption-text gallery-caption' id='gallery-1-742'>\n\t\t\t\tGehn wir spielen?\n\t\t\t\t<\/dd><\/dl><dl class='gallery-item'>\n\t\t\t<dt class='gallery-icon landscape'>\n\t\t\t\t<a href='https:\/\/www.kielgas.org\/wordpress\/coco\/olympus-digital-camera-27\/'><img loading=\"lazy\" decoding=\"async\" width=\"150\" height=\"150\" src=\"https:\/\/www.kielgas.org\/wordpress\/wp-uploads\/kielgas.org\/2016\/08\/Coco_20160827_133324-150x150.jpg\" class=\"attachment-thumbnail size-thumbnail\" alt=\"\" aria-describedby=\"gallery-1-704\" \/><\/a>\n\t\t\t<\/dt>\n\t\t\t\t<dd class='wp-caption-text gallery-caption' id='gallery-1-704'>\n\t\t\t\tMops bei\u00dft Stoffhund\n\t\t\t\t<\/dd><\/dl><br style=\"clear: both\" \/><dl class='gallery-item'>\n\t\t\t<dt class='gallery-icon landscape'>\n\t\t\t\t<a href='https:\/\/www.kielgas.org\/wordpress\/coco\/olympus-digital-camera-25\/'><img loading=\"lazy\" decoding=\"async\" width=\"150\" height=\"150\" src=\"https:\/\/www.kielgas.org\/wordpress\/wp-uploads\/kielgas.org\/2016\/08\/Coco_20160824_230426-150x150.jpg\" class=\"attachment-thumbnail size-thumbnail\" alt=\"kraulen llassen!\" aria-describedby=\"gallery-1-702\" \/><\/a>\n\t\t\t<\/dt>\n\t\t\t\t<dd class='wp-caption-text gallery-caption' id='gallery-1-702'>\n\t\t\t\tIst das sch\u00f6\u00f6\u00f6\u00f6n!\n\t\t\t\t<\/dd><\/dl><dl class='gallery-item'>\n\t\t\t<dt class='gallery-icon landscape'>\n\t\t\t\t<a href='https:\/\/www.kielgas.org\/wordpress\/coco\/olympus-digital-camera-24\/'><img loading=\"lazy\" decoding=\"async\" width=\"150\" height=\"150\" src=\"https:\/\/www.kielgas.org\/wordpress\/wp-uploads\/kielgas.org\/2016\/08\/Coco_20160823_192150-150x150.jpg\" class=\"attachment-thumbnail size-thumbnail\" alt=\"im Garten\" aria-describedby=\"gallery-1-701\" \/><\/a>\n\t\t\t<\/dt>\n\t\t\t\t<dd class='wp-caption-text gallery-caption' id='gallery-1-701'>\n\t\t\t\tWas ist da?\n\t\t\t\t<\/dd><\/dl><br style=\"clear: both\" \/><dl class='gallery-item'>\n\t\t\t<dt class='gallery-icon landscape'>\n\t\t\t\t<a href='https:\/\/www.kielgas.org\/wordpress\/coco\/olympus-digital-camera-23\/'><img loading=\"lazy\" decoding=\"async\" width=\"150\" height=\"150\" src=\"https:\/\/www.kielgas.org\/wordpress\/wp-uploads\/kielgas.org\/2016\/08\/Coco_20160823_192120-150x150.jpg\" class=\"attachment-thumbnail size-thumbnail\" alt=\"\" aria-describedby=\"gallery-1-700\" \/><\/a>\n\t\t\t<\/dt>\n\t\t\t\t<dd class='wp-caption-text gallery-caption' id='gallery-1-700'>\n\t\t\t\tAch, Du bist&#8217;s\n\t\t\t\t<\/dd><\/dl><dl class='gallery-item'>\n\t\t\t<dt class='gallery-icon landscape'>\n\t\t\t\t<a href='https:\/\/www.kielgas.org\/wordpress\/coco\/olympus-digital-camera-22\/'><img loading=\"lazy\" decoding=\"async\" width=\"150\" height=\"150\" src=\"https:\/\/www.kielgas.org\/wordpress\/wp-uploads\/kielgas.org\/2016\/08\/Coco_20160823_192110-150x150.jpg\" class=\"attachment-thumbnail size-thumbnail\" alt=\"im Garten\" aria-describedby=\"gallery-1-699\" \/><\/a>\n\t\t\t<\/dt>\n\t\t\t\t<dd class='wp-caption-text gallery-caption' id='gallery-1-699'>\n\t\t\t\tPfff Mami telefoniert\n\t\t\t\t<\/dd><\/dl><br style=\"clear: both\" \/><dl class='gallery-item'>\n\t\t\t<dt class='gallery-icon landscape'>\n\t\t\t\t<a href='https:\/\/www.kielgas.org\/wordpress\/coco\/olympus-digital-camera-21\/'><img loading=\"lazy\" decoding=\"async\" width=\"150\" height=\"150\" src=\"https:\/\/www.kielgas.org\/wordpress\/wp-uploads\/kielgas.org\/2016\/08\/Coco_20160823_192108-150x150.jpg\" class=\"attachment-thumbnail size-thumbnail\" alt=\"im Garten\" aria-describedby=\"gallery-1-698\" \/><\/a>\n\t\t\t<\/dt>\n\t\t\t\t<dd class='wp-caption-text gallery-caption' id='gallery-1-698'>\n\t\t\t\tImmer noch!\n\t\t\t\t<\/dd><\/dl><dl class='gallery-item'>\n\t\t\t<dt class='gallery-icon landscape'>\n\t\t\t\t<a href='https:\/\/www.kielgas.org\/wordpress\/coco\/olympus-digital-camera-20\/'><img loading=\"lazy\" decoding=\"async\" width=\"150\" height=\"150\" src=\"https:\/\/www.kielgas.org\/wordpress\/wp-uploads\/kielgas.org\/2016\/08\/Coco_20160823_170422-150x150.jpg\" class=\"attachment-thumbnail size-thumbnail\" alt=\"faul!\" aria-describedby=\"gallery-1-697\" \/><\/a>\n\t\t\t<\/dt>\n\t\t\t\t<dd class='wp-caption-text gallery-caption' id='gallery-1-697'>\n\t\t\t\tFaul!\n\t\t\t\t<\/dd><\/dl><br style=\"clear: both\" \/><dl class='gallery-item'>\n\t\t\t<dt class='gallery-icon landscape'>\n\t\t\t\t<a href='https:\/\/www.kielgas.org\/wordpress\/coco\/olympus-digital-camera-19\/'><img loading=\"lazy\" decoding=\"async\" width=\"150\" height=\"150\" src=\"https:\/\/www.kielgas.org\/wordpress\/wp-uploads\/kielgas.org\/2016\/08\/Coco_20160821_173232-150x150.jpg\" class=\"attachment-thumbnail size-thumbnail\" alt=\"\" aria-describedby=\"gallery-1-696\" \/><\/a>\n\t\t\t<\/dt>\n\t\t\t\t<dd class='wp-caption-text gallery-caption' id='gallery-1-696'>\n\t\t\t\tMal h\u00e4ngen lassen\n\t\t\t\t<\/dd><\/dl><dl class='gallery-item'>\n\t\t\t<dt class='gallery-icon landscape'>\n\t\t\t\t<a href='https:\/\/www.kielgas.org\/wordpress\/coco\/olympus-digital-camera-18\/'><img loading=\"lazy\" decoding=\"async\" width=\"150\" height=\"150\" src=\"https:\/\/www.kielgas.org\/wordpress\/wp-uploads\/kielgas.org\/2016\/08\/Coco_20160821_173218-150x150.jpg\" class=\"attachment-thumbnail size-thumbnail\" alt=\"\" aria-describedby=\"gallery-1-695\" \/><\/a>\n\t\t\t<\/dt>\n\t\t\t\t<dd class='wp-caption-text gallery-caption' id='gallery-1-695'>\n\t\t\t\tImmer noch h\u00e4ngen lassen!\n\t\t\t\t<\/dd><\/dl><br style=\"clear: both\" \/><dl class='gallery-item'>\n\t\t\t<dt class='gallery-icon landscape'>\n\t\t\t\t<a href='https:\/\/www.kielgas.org\/wordpress\/coco\/olympus-digital-camera-13\/'><img loading=\"lazy\" decoding=\"async\" width=\"150\" height=\"150\" src=\"https:\/\/www.kielgas.org\/wordpress\/wp-uploads\/kielgas.org\/2016\/08\/Coco_20160821_171240-150x150.jpg\" class=\"attachment-thumbnail size-thumbnail\" alt=\"\" aria-describedby=\"gallery-1-690\" \/><\/a>\n\t\t\t<\/dt>\n\t\t\t\t<dd class='wp-caption-text gallery-caption' id='gallery-1-690'>\n\t\t\t\tWas ist da?\n\t\t\t\t<\/dd><\/dl><dl class='gallery-item'>\n\t\t\t<dt class='gallery-icon landscape'>\n\t\t\t\t<a href='https:\/\/www.kielgas.org\/wordpress\/coco\/olympus-digital-camera-12\/'><img loading=\"lazy\" decoding=\"async\" width=\"150\" height=\"150\" src=\"https:\/\/www.kielgas.org\/wordpress\/wp-uploads\/kielgas.org\/2016\/08\/Coco_20160821_171220-150x150.jpg\" class=\"attachment-thumbnail size-thumbnail\" alt=\"\" aria-describedby=\"gallery-1-689\" \/><\/a>\n\t\t\t<\/dt>\n\t\t\t\t<dd class='wp-caption-text gallery-caption' id='gallery-1-689'>\n\t\t\t\tErkundung im Garten\n\t\t\t\t<\/dd><\/dl><br style=\"clear: both\" \/><dl class='gallery-item'>\n\t\t\t<dt class='gallery-icon landscape'>\n\t\t\t\t<a href='https:\/\/www.kielgas.org\/wordpress\/coco\/olympus-digital-camera-10\/'><img loading=\"lazy\" decoding=\"async\" width=\"150\" height=\"150\" src=\"https:\/\/www.kielgas.org\/wordpress\/wp-uploads\/kielgas.org\/2016\/08\/Coco_20160821_155542-150x150.jpg\" class=\"attachment-thumbnail size-thumbnail\" alt=\"\" aria-describedby=\"gallery-1-687\" \/><\/a>\n\t\t\t<\/dt>\n\t\t\t\t<dd class='wp-caption-text gallery-caption' id='gallery-1-687'>\n\t\t\t\tErsch\u00f6pft!\n\t\t\t\t<\/dd><\/dl><dl class='gallery-item'>\n\t\t\t<dt class='gallery-icon landscape'>\n\t\t\t\t<a href='https:\/\/www.kielgas.org\/wordpress\/coco\/olympus-digital-camera-9\/'><img loading=\"lazy\" decoding=\"async\" width=\"150\" height=\"150\" src=\"https:\/\/www.kielgas.org\/wordpress\/wp-uploads\/kielgas.org\/2016\/08\/Coco_20160821_154252-150x150.jpg\" class=\"attachment-thumbnail size-thumbnail\" alt=\"\" aria-describedby=\"gallery-1-686\" \/><\/a>\n\t\t\t<\/dt>\n\t\t\t\t<dd class='wp-caption-text gallery-caption' id='gallery-1-686'>\n\t\t\t\tPlatt\n\t\t\t\t<\/dd><\/dl><br style=\"clear: both\" \/><dl class='gallery-item'>\n\t\t\t<dt class='gallery-icon landscape'>\n\t\t\t\t<a href='https:\/\/www.kielgas.org\/wordpress\/coco\/coco_20160821_130025\/'><img loading=\"lazy\" decoding=\"async\" width=\"150\" height=\"150\" src=\"https:\/\/www.kielgas.org\/wordpress\/wp-uploads\/kielgas.org\/2016\/08\/Coco_20160821_130025-150x150.jpg\" class=\"attachment-thumbnail size-thumbnail\" alt=\"\" aria-describedby=\"gallery-1-685\" \/><\/a>\n\t\t\t<\/dt>\n\t\t\t\t<dd class='wp-caption-text gallery-caption' id='gallery-1-685'>\n\t\t\t\tNun kommt endlich &#8211; 1. Spaziergang\n\t\t\t\t<\/dd><\/dl><dl class='gallery-item'>\n\t\t\t<dt class='gallery-icon landscape'>\n\t\t\t\t<a href='https:\/\/www.kielgas.org\/wordpress\/coco\/coco_20160821_130022\/'><img loading=\"lazy\" decoding=\"async\" width=\"150\" height=\"150\" src=\"https:\/\/www.kielgas.org\/wordpress\/wp-uploads\/kielgas.org\/2016\/08\/Coco_20160821_130022-150x150.jpg\" class=\"attachment-thumbnail size-thumbnail\" alt=\"\" aria-describedby=\"gallery-1-684\" \/><\/a>\n\t\t\t<\/dt>\n\t\t\t\t<dd class='wp-caption-text gallery-caption' id='gallery-1-684'>\n\t\t\t\tmuss man erst ziehen?\n\t\t\t\t<\/dd><\/dl><br style=\"clear: both\" \/><dl class='gallery-item'>\n\t\t\t<dt class='gallery-icon landscape'>\n\t\t\t\t<a href='https:\/\/www.kielgas.org\/wordpress\/coco\/coco_20160820_183741\/'><img loading=\"lazy\" decoding=\"async\" width=\"150\" height=\"150\" src=\"https:\/\/www.kielgas.org\/wordpress\/wp-uploads\/kielgas.org\/2016\/08\/Coco_20160820_183741-150x150.jpg\" class=\"attachment-thumbnail size-thumbnail\" alt=\"\" aria-describedby=\"gallery-1-674\" \/><\/a>\n\t\t\t<\/dt>\n\t\t\t\t<dd class='wp-caption-text gallery-caption' id='gallery-1-674'>\n\t\t\t\tM\u00fcde!\n\t\t\t\t<\/dd><\/dl><dl class='gallery-item'>\n\t\t\t<dt class='gallery-icon landscape'>\n\t\t\t\t<a href='https:\/\/www.kielgas.org\/wordpress\/coco\/digital-camera-3\/'><img loading=\"lazy\" decoding=\"async\" width=\"150\" height=\"150\" src=\"https:\/\/www.kielgas.org\/wordpress\/wp-uploads\/kielgas.org\/2016\/08\/Coco_20160815-164049-150x150.jpg\" class=\"attachment-thumbnail size-thumbnail\" alt=\"\" aria-describedby=\"gallery-1-666\" \/><\/a>\n\t\t\t<\/dt>\n\t\t\t\t<dd class='wp-caption-text gallery-caption' id='gallery-1-666'>\n\t\t\t\tMeine alte Familie bei meiner Ziehmama\n\t\t\t\t<\/dd><\/dl><br style=\"clear: both\" \/>\n\t\t<\/div>\n\n<p><a href=\"#TOP\" title=\"zum Anfang\">Zum Anfang<\/a><\/p>\n<p><a name=\"VIDEOS\"><\/a><\/p>\n<p><a name=\"VIDEOS\"><\/a><\/p>\n<p><a name=\"VIDEOS\"><\/p>\n<h2>Videos<\/h2>\n<p><\/a><a name=\"VIDEOS\"><\/a><a name=\"VIDEOS\"><\/a><a name=\"VIDEOS\"><\/a><\/p>\n<p>Der erste Gassigang mit meinen neuen Leuten:<\/p>\n<div style=\"width: 584px;\" class=\"wp-video\"><video class=\"wp-video-shortcode\" id=\"video-705-1\" width=\"584\" height=\"329\" preload=\"metadata\" controls=\"controls\"><source type=\"video\/mp4\" src=\"https:\/\/www.kielgas.org\/wordpress\/wp-uploads\/kielgas.org\/2016\/08\/Coco_20160821_130148.mp4?_=1\" \/><a href=\"https:\/\/www.kielgas.org\/wordpress\/wp-uploads\/kielgas.org\/2016\/08\/Coco_20160821_130148.mp4\">https:\/\/www.kielgas.org\/wordpress\/wp-uploads\/kielgas.org\/2016\/08\/Coco_20160821_130148.mp4<\/a><\/video><\/div>\n<p>Coco f&uuml;hlt sich wohl:<\/p>\n<div style=\"width: 584px;\" class=\"wp-video\"><video class=\"wp-video-shortcode\" id=\"video-705-2\" width=\"584\" height=\"329\" preload=\"metadata\" controls=\"controls\"><source type=\"video\/mp4\" src=\"https:\/\/www.kielgas.org\/wordpress\/wp-uploads\/kielgas.org\/2016\/08\/Coco_20160827_133430.mp4?_=2\" \/><a href=\"https:\/\/www.kielgas.org\/wordpress\/wp-uploads\/kielgas.org\/2016\/08\/Coco_20160827_133430.mp4\">https:\/\/www.kielgas.org\/wordpress\/wp-uploads\/kielgas.org\/2016\/08\/Coco_20160827_133430.mp4<\/a><\/video><\/div>\n<p><a href=\"#TOP\" title=\"zum Anfang\">Zum Anfang<\/a><\/p>\n","protected":false},"excerpt":{"rendered":"<p>Guten Tag, mein Name ist Coco vom S&uuml;dsee, Ihr k&ouml;nnt mich aber Coco nennen, ich wohne hier bei meinen Bediensteten Brigitte und Uwe. Ich stelle mich mal mit ein paar Fotos vor. Am Ende finden sich meine Videos. Ihr k&ouml;nnt &hellip; <a href=\"https:\/\/www.kielgas.org\/wordpress\/coco\/\">Weiterlesen <span class=\"meta-nav\">&rarr;<\/span><\/a><\/p>\n","protected":false},"author":1,"featured_media":704,"parent":0,"menu_order":0,"comment_status":"closed","ping_status":"open","template":"sidebar-page.php","meta":{"footnotes":""},"class_list":["post-705","page","type-page","status-publish","has-post-thumbnail","hentry"],"_links":{"self":[{"href":"https:\/\/www.kielgas.org\/wordpress\/wp-json\/wp\/v2\/pages\/705","targetHints":{"allow":["GET"]}}],"collection":[{"href":"https:\/\/www.kielgas.org\/wordpress\/wp-json\/wp\/v2\/pages"}],"about":[{"href":"https:\/\/www.kielgas.org\/wordpress\/wp-json\/wp\/v2\/types\/page"}],"author":[{"embeddable":true,"href":"https:\/\/www.kielgas.org\/wordpress\/wp-json\/wp\/v2\/users\/1"}],"replies":[{"embeddable":true,"href":"https:\/\/www.kielgas.org\/wordpress\/wp-json\/wp\/v2\/comments?post=705"}],"version-history":[{"count":45,"href":"https:\/\/www.kielgas.org\/wordpress\/wp-json\/wp\/v2\/pages\/705\/revisions"}],"predecessor-version":[{"id":1131,"href":"https:\/\/www.kielgas.org\/wordpress\/wp-json\/wp\/v2\/pages\/705\/revisions\/1131"}],"wp:featuredmedia":[{"embeddable":true,"href":"https:\/\/www.kielgas.org\/wordpress\/wp-json\/wp\/v2\/media\/704"}],"wp:attachment":[{"href":"https:\/\/www.kielgas.org\/wordpress\/wp-json\/wp\/v2\/media?parent=705"}],"curies":[{"name":"wp","href":"https:\/\/api.w.org\/{rel}","templated":true}]}}